{"id":3542,"date":"2023-08-03T19:56:06","date_gmt":"2023-08-03T19:56:06","guid":{"rendered":"http:\/\/piedranegra.net\/index.php\/product\/import-placeholder-for-5040\/"},"modified":"2026-04-30T23:22:07","modified_gmt":"2026-04-30T23:22:07","slug":"drybag-salveque-20l-nh21fsb04","status":"publish","type":"product","link":"https:\/\/piedranegra.net\/index.php\/product\/drybag-salveque-20l-nh21fsb04\/","title":{"rendered":"Drybag Salveque 20L\/30L NH21FSB04"},"content":{"rendered":"<div class=\"n6owBd awi2gc\" data-sfc-cp=\"\" data-sfc-root=\"c\" data-sfc-cb=\"\" data-hveid=\"CAIQAA\" data-complete=\"true\" data-processed=\"true\" data-copy-service-computed-style=\"font-family: &quot;Google Sans&quot;, Arial, sans-serif; font-size: 16px; font-weight: 400; margin: 12px 0px 16px; text-decoration: none solid rgb(10, 10, 10); border-bottom: 0px none rgb(10, 10, 10);\">-Mochila(dry bag) dise\u00f1ada para actividades al aire libre que requieren protecci\u00f3n total contra el agua, como senderismo en climas lluviosos, kayak o deportes acu\u00e1ticos. Su principal caracter\u00edstica es la capacidad de mantener el equipo seco o separar objetos h\u00famedos del resto de tus pertenencias.\u00a0<!--TgQPHd|[]--><\/div>\n<div class=\"Fsg96\" data-sfc-cp=\"\" data-sfc-root=\"c\" data-sfc-cb=\"\" data-complete=\"true\" data-processed=\"true\" data-copy-service-computed-style=\"font-family: &quot;Google Sans&quot;, Arial, sans-serif; font-size: 14px; font-weight: 400; margin: 0px; text-decoration: none solid rgb(10, 10, 10); border-bottom: 0px none rgb(10, 10, 10);\"><!--TgQPHd|[]--><\/div>\n<p><span class=\"T286Pc\" data-sfc-cp=\"\" data-sfc-root=\"c\" data-sfc-cb=\"\" data-complete=\"true\" aria-owns=\"action-menu-parent-container\" data-copy-service-computed-style=\"font-family: &quot;Google Sans&quot;, Arial, sans-serif; font-size: 16px; font-weight: 400; margin: 0px; text-decoration: none solid rgb(10, 10, 10); border-bottom: 0px none rgb(10, 10, 10);\">-Material:<!--TgQPHd|[]--> Fabricada en Nylon 420D 84T<!--TgQPHd|[]--> con un revestimiento compuesto de TPU (Poliuretano Termopl\u00e1stico)<!--TgQPHd|[]-->, lo que la hace altamente resistente al desgaste y a los ara\u00f1azos.<\/span><\/p>\n","protected":false},"excerpt":{"rendered":"<p>-Mochila(dry bag) dise\u00f1ada para actividades al aire libre que requieren protecci\u00f3n total contra el agua, como senderismo en climas lluviosos,<\/p>\n","protected":false},"featured_media":20377,"comment_status":"open","ping_status":"closed","template":"","meta":[],"product_cat":[21],"product_tag":[168],"class_list":{"0":"post-3542","1":"product","2":"type-product","3":"status-publish","4":"has-post-thumbnail","6":"product_cat-trailrunning","7":"product_tag-viaje-senderismo-acampar","9":"first","10":"instock","11":"sale","12":"taxable","13":"shipping-taxable","14":"purchasable","15":"product-type-variable"},"jetpack_sharing_enabled":true,"_links":{"self":[{"href":"https:\/\/piedranegra.net\/index.php\/wp-json\/wp\/v2\/product\/3542"}],"collection":[{"href":"https:\/\/piedranegra.net\/index.php\/wp-json\/wp\/v2\/product"}],"about":[{"href":"https:\/\/piedranegra.net\/index.php\/wp-json\/wp\/v2\/types\/product"}],"replies":[{"embeddable":true,"href":"https:\/\/piedranegra.net\/index.php\/wp-json\/wp\/v2\/comments?post=3542"}],"version-history":[{"count":4,"href":"https:\/\/piedranegra.net\/index.php\/wp-json\/wp\/v2\/product\/3542\/revisions"}],"predecessor-version":[{"id":20379,"href":"https:\/\/piedranegra.net\/index.php\/wp-json\/wp\/v2\/product\/3542\/revisions\/20379"}],"wp:featuredmedia":[{"embeddable":true,"href":"https:\/\/piedranegra.net\/index.php\/wp-json\/wp\/v2\/media\/20377"}],"wp:attachment":[{"href":"https:\/\/piedranegra.net\/index.php\/wp-json\/wp\/v2\/media?parent=3542"}],"wp:term":[{"taxonomy":"product_cat","embeddable":true,"href":"https:\/\/piedranegra.net\/index.php\/wp-json\/wp\/v2\/product_cat?post=3542"},{"taxonomy":"product_tag","embeddable":true,"href":"https:\/\/piedranegra.net\/index.php\/wp-json\/wp\/v2\/product_tag?post=3542"}],"curies":[{"name":"wp","href":"https:\/\/api.w.org\/{rel}","templated":true}]}}