{"id":3549,"date":"2023-08-03T19:56:07","date_gmt":"2023-08-03T19:56:07","guid":{"rendered":"http:\/\/piedranegra.net\/index.php\/product\/import-placeholder-for-5050\/"},"modified":"2024-08-31T18:38:36","modified_gmt":"2024-08-31T18:38:36","slug":"compass-silva-arc-jet-left","status":"publish","type":"product","link":"https:\/\/piedranegra.net\/index.php\/product\/compass-silva-arc-jet-left\/","title":{"rendered":"Compass SILVA ARC JET LEFT"},"content":{"rendered":"<ul class=\"a-unordered-list a-vertical a-spacing-mini\">\n<li class=\"a-spacing-mini\"><span class=\"a-list-item\">Br\u00fajula de dedo para orientaci\u00f3n<\/span><\/li>\n<li class=\"a-spacing-mini\"><span class=\"a-list-item\">Producto \u00fatil y pr\u00e1ctico<\/span><\/li>\n<li class=\"a-spacing-mini\"><span class=\"a-list-item\">Producto de alta calidad<\/span><\/li>\n<li class=\"a-spacing-mini\"><span class=\"a-list-item\">Producto que combina tradici\u00f3n e innovaci\u00f3n<\/span><\/li>\n<\/ul>\n","protected":false},"excerpt":{"rendered":"<p>Br\u00fajula de dedo para orientaci\u00f3n Producto \u00fatil y pr\u00e1ctico Producto de alta calidad Producto que combina tradici\u00f3n e innovaci\u00f3n<\/p>\n","protected":false},"featured_media":17890,"comment_status":"open","ping_status":"closed","template":"","meta":[],"product_cat":[22,23,144],"product_tag":[168],"class_list":{"0":"post-3549","1":"product","2":"type-product","3":"status-publish","4":"has-post-thumbnail","6":"product_cat-camping","7":"product_cat-senderismo","8":"product_cat-accesorios-hiking","9":"product_tag-viaje-senderismo-acampar","11":"first","12":"instock","13":"taxable","14":"shipping-taxable","15":"purchasable","16":"product-type-simple"},"jetpack_sharing_enabled":true,"_links":{"self":[{"href":"https:\/\/piedranegra.net\/index.php\/wp-json\/wp\/v2\/product\/3549"}],"collection":[{"href":"https:\/\/piedranegra.net\/index.php\/wp-json\/wp\/v2\/product"}],"about":[{"href":"https:\/\/piedranegra.net\/index.php\/wp-json\/wp\/v2\/types\/product"}],"replies":[{"embeddable":true,"href":"https:\/\/piedranegra.net\/index.php\/wp-json\/wp\/v2\/comments?post=3549"}],"version-history":[{"count":1,"href":"https:\/\/piedranegra.net\/index.php\/wp-json\/wp\/v2\/product\/3549\/revisions"}],"predecessor-version":[{"id":17300,"href":"https:\/\/piedranegra.net\/index.php\/wp-json\/wp\/v2\/product\/3549\/revisions\/17300"}],"wp:featuredmedia":[{"embeddable":true,"href":"https:\/\/piedranegra.net\/index.php\/wp-json\/wp\/v2\/media\/17890"}],"wp:attachment":[{"href":"https:\/\/piedranegra.net\/index.php\/wp-json\/wp\/v2\/media?parent=3549"}],"wp:term":[{"taxonomy":"product_cat","embeddable":true,"href":"https:\/\/piedranegra.net\/index.php\/wp-json\/wp\/v2\/product_cat?post=3549"},{"taxonomy":"product_tag","embeddable":true,"href":"https:\/\/piedranegra.net\/index.php\/wp-json\/wp\/v2\/product_tag?post=3549"}],"curies":[{"name":"wp","href":"https:\/\/api.w.org\/{rel}","templated":true}]}}