{"id":3573,"date":"2023-08-03T19:56:29","date_gmt":"2023-08-03T19:56:29","guid":{"rendered":"http:\/\/piedranegra.net\/index.php\/product\/import-placeholder-for-5055\/"},"modified":"2024-08-31T18:19:24","modified_gmt":"2024-08-31T18:19:24","slug":"cocina-de-alcohol-nh18l001-t","status":"publish","type":"product","link":"https:\/\/piedranegra.net\/index.php\/product\/cocina-de-alcohol-nh18l001-t\/","title":{"rendered":"Cocina de Alcohol NH18L001-T"},"content":{"rendered":"<div class=\"title--wrap--UUHae_g\">\n<pre data-pl=\"product-title\" data-tticheck=\"true\" data-spm-anchor-id=\"a2g0o.detail.0.i9.55f8zNkZzNkZey\">Naturehike-estufa de Alcohol para acampar, estufa port\u00e1til para exteriores, quemador de Alcohol s\u00f3lido vaporizado l\u00edquido, utensilios de cocina para caminata natural<\/pre>\n<\/div>\n","protected":false},"excerpt":{"rendered":"<p>Naturehike-estufa de Alcohol para acampar, estufa port\u00e1til para exteriores, quemador de Alcohol s\u00f3lido vaporizado l\u00edquido, utensilios de cocina para caminata<\/p>\n","protected":false},"featured_media":17888,"comment_status":"open","ping_status":"closed","template":"","meta":[],"product_cat":[22,141,23],"product_tag":[175],"class_list":{"0":"post-3573","1":"product","2":"type-product","3":"status-publish","4":"has-post-thumbnail","6":"product_cat-camping","7":"product_cat-cocinas","8":"product_cat-senderismo","9":"product_tag-viaje-acampar-cocina-alcohol","11":"first","12":"instock","13":"taxable","14":"shipping-taxable","15":"purchasable","16":"product-type-simple"},"jetpack_sharing_enabled":true,"_links":{"self":[{"href":"https:\/\/piedranegra.net\/index.php\/wp-json\/wp\/v2\/product\/3573"}],"collection":[{"href":"https:\/\/piedranegra.net\/index.php\/wp-json\/wp\/v2\/product"}],"about":[{"href":"https:\/\/piedranegra.net\/index.php\/wp-json\/wp\/v2\/types\/product"}],"replies":[{"embeddable":true,"href":"https:\/\/piedranegra.net\/index.php\/wp-json\/wp\/v2\/comments?post=3573"}],"version-history":[{"count":2,"href":"https:\/\/piedranegra.net\/index.php\/wp-json\/wp\/v2\/product\/3573\/revisions"}],"predecessor-version":[{"id":17275,"href":"https:\/\/piedranegra.net\/index.php\/wp-json\/wp\/v2\/product\/3573\/revisions\/17275"}],"wp:featuredmedia":[{"embeddable":true,"href":"https:\/\/piedranegra.net\/index.php\/wp-json\/wp\/v2\/media\/17888"}],"wp:attachment":[{"href":"https:\/\/piedranegra.net\/index.php\/wp-json\/wp\/v2\/media?parent=3573"}],"wp:term":[{"taxonomy":"product_cat","embeddable":true,"href":"https:\/\/piedranegra.net\/index.php\/wp-json\/wp\/v2\/product_cat?post=3573"},{"taxonomy":"product_tag","embeddable":true,"href":"https:\/\/piedranegra.net\/index.php\/wp-json\/wp\/v2\/product_tag?post=3573"}],"curies":[{"name":"wp","href":"https:\/\/api.w.org\/{rel}","templated":true}]}}