{"id":3580,"date":"2023-08-03T19:56:30","date_gmt":"2023-08-03T19:56:30","guid":{"rendered":"http:\/\/piedranegra.net\/index.php\/product\/import-placeholder-for-5066\/"},"modified":"2025-06-07T15:32:23","modified_gmt":"2025-06-07T15:32:23","slug":"cocina-de-camping-doble-nh22rj001","status":"publish","type":"product","link":"https:\/\/piedranegra.net\/index.php\/product\/cocina-de-camping-doble-nh22rj001\/","title":{"rendered":"Cocina de Camping Doble NH22RJ001"},"content":{"rendered":"<ul>\n<li><em><strong>Estufa de gas port\u00e1til doble para camping Naturehike NH22RJ001. <\/strong><\/em><\/li>\n<li><em><strong>Espacio amplio, dos estufas ideales para familias numerosas. <\/strong><\/em><\/li>\n<li><em><strong>Para una mayor cantidad de alimentos, se requiere mayor velocidad de cocci\u00f3n y un mejor rendimiento.<\/strong><\/em>Con una capacidad de 3000 W para ambas estufas, esta es tambi\u00e9n la capacidad m\u00e1xima para una mini estufa de gas port\u00e1til y una estufa de camping plegable actual.<\/li>\n<li>El tiempo de uso anunciado es de aproximadamente 3 horas con un tanque de butano de 150 gramos.<\/li>\n<\/ul>\n","protected":false},"excerpt":{"rendered":"<p>Estufa de gas port\u00e1til doble para camping Naturehike NH22RJ001. Espacio amplio, dos estufas ideales para familias numerosas. Para una mayor<\/p>\n","protected":false},"featured_media":19384,"comment_status":"open","ping_status":"closed","template":"","meta":[],"product_cat":[22,141],"product_tag":[180],"class_list":{"0":"post-3580","1":"product","2":"type-product","3":"status-publish","4":"has-post-thumbnail","6":"product_cat-camping","7":"product_cat-cocinas","8":"product_tag-viaje-acampar-cocina","10":"first","11":"instock","12":"taxable","13":"shipping-taxable","14":"purchasable","15":"product-type-simple"},"jetpack_sharing_enabled":true,"_links":{"self":[{"href":"https:\/\/piedranegra.net\/index.php\/wp-json\/wp\/v2\/product\/3580"}],"collection":[{"href":"https:\/\/piedranegra.net\/index.php\/wp-json\/wp\/v2\/product"}],"about":[{"href":"https:\/\/piedranegra.net\/index.php\/wp-json\/wp\/v2\/types\/product"}],"replies":[{"embeddable":true,"href":"https:\/\/piedranegra.net\/index.php\/wp-json\/wp\/v2\/comments?post=3580"}],"version-history":[{"count":4,"href":"https:\/\/piedranegra.net\/index.php\/wp-json\/wp\/v2\/product\/3580\/revisions"}],"predecessor-version":[{"id":19386,"href":"https:\/\/piedranegra.net\/index.php\/wp-json\/wp\/v2\/product\/3580\/revisions\/19386"}],"wp:featuredmedia":[{"embeddable":true,"href":"https:\/\/piedranegra.net\/index.php\/wp-json\/wp\/v2\/media\/19384"}],"wp:attachment":[{"href":"https:\/\/piedranegra.net\/index.php\/wp-json\/wp\/v2\/media?parent=3580"}],"wp:term":[{"taxonomy":"product_cat","embeddable":true,"href":"https:\/\/piedranegra.net\/index.php\/wp-json\/wp\/v2\/product_cat?post=3580"},{"taxonomy":"product_tag","embeddable":true,"href":"https:\/\/piedranegra.net\/index.php\/wp-json\/wp\/v2\/product_tag?post=3580"}],"curies":[{"name":"wp","href":"https:\/\/api.w.org\/{rel}","templated":true}]}}