{"id":3617,"date":"2023-08-03T19:56:52","date_gmt":"2023-08-03T19:56:52","guid":{"rendered":"http:\/\/piedranegra.net\/index.php\/product\/import-placeholder-for-5091\/"},"modified":"2025-11-30T13:56:42","modified_gmt":"2025-11-30T13:56:42","slug":"tienda-p-series-p4-nh18z044-p","status":"publish","type":"product","link":"https:\/\/piedranegra.net\/index.php\/product\/tienda-p-series-p4-nh18z044-p\/","title":{"rendered":"TIENDA P-Series P4 NH18Z044-P"},"content":{"rendered":"<ul>\n<li>La carpa para 4 personas P-Series de Naturehike ha sido elaborada con poli\u00e9ster antidesgarro 210T y revestimiento de poliuretano (PU)<\/li>\n<li>Posee un \u00edndice de impermeabilidad de 2000mm<\/li>\n<li>El piso de la carpa es de tejido Oxford 150D y tambi\u00e9n tiene un \u00edndice impermeabilidad de 2000mm.<\/li>\n<li>Cuenta con protecci\u00f3n contra los rayos UV UFP 50+<\/li>\n<li>El sobre techo cuenta con dos ventanas de ventilaci\u00f3n en los lados laterales de la carpa<\/li>\n<li>La tela de la estructura interna es de poli\u00e9ster antidesgarro 210T junto con una malla transpirable<\/li>\n<li>La malla es de alta densidad, as\u00ed que evita la entrada de insectos. Gracias a eso, el interior de la tienda siempre es fresco y ventilado<\/li>\n<li>La carpa para 4 personas P-Series cuenta con dos puertas de acceso y un vest\u00edbulo donde podr\u00e1s resguardar tu mochila y accesorios de la lluvia y el viento<\/li>\n<li>Tiene varillas de aluminio 7001 que son ligeras y mucho m\u00e1s resistentes que las varillas de fibra de vidrio convencionales<\/li>\n<li>El dise\u00f1o del marco ayuda a reducir el tama\u00f1o de la carpa cuando est\u00e1 plegada y que sea compacta para llevarla a todas tus aventuras<\/li>\n<li>Cuenta con un quitasol que se puede enrrollar o instalar con dos bastones de trekking<\/li>\n<\/ul>\n","protected":false},"excerpt":{"rendered":"<p>La carpa para 4 personas P-Series de Naturehike ha sido elaborada con poli\u00e9ster antidesgarro 210T y revestimiento de poliuretano (PU)<\/p>\n","protected":false},"featured_media":17861,"comment_status":"open","ping_status":"closed","template":"","meta":[],"product_cat":[22,154],"product_tag":[186],"class_list":{"0":"post-3617","1":"product","2":"type-product","3":"status-publish","4":"has-post-thumbnail","6":"product_cat-camping","7":"product_cat-tiendas-de-acampar","8":"product_tag-acampar-viaje-tienda","10":"first","11":"instock","12":"taxable","13":"shipping-taxable","14":"purchasable","15":"product-type-simple"},"jetpack_sharing_enabled":true,"_links":{"self":[{"href":"https:\/\/piedranegra.net\/index.php\/wp-json\/wp\/v2\/product\/3617"}],"collection":[{"href":"https:\/\/piedranegra.net\/index.php\/wp-json\/wp\/v2\/product"}],"about":[{"href":"https:\/\/piedranegra.net\/index.php\/wp-json\/wp\/v2\/types\/product"}],"replies":[{"embeddable":true,"href":"https:\/\/piedranegra.net\/index.php\/wp-json\/wp\/v2\/comments?post=3617"}],"version-history":[{"count":4,"href":"https:\/\/piedranegra.net\/index.php\/wp-json\/wp\/v2\/product\/3617\/revisions"}],"predecessor-version":[{"id":17197,"href":"https:\/\/piedranegra.net\/index.php\/wp-json\/wp\/v2\/product\/3617\/revisions\/17197"}],"wp:featuredmedia":[{"embeddable":true,"href":"https:\/\/piedranegra.net\/index.php\/wp-json\/wp\/v2\/media\/17861"}],"wp:attachment":[{"href":"https:\/\/piedranegra.net\/index.php\/wp-json\/wp\/v2\/media?parent=3617"}],"wp:term":[{"taxonomy":"product_cat","embeddable":true,"href":"https:\/\/piedranegra.net\/index.php\/wp-json\/wp\/v2\/product_cat?post=3617"},{"taxonomy":"product_tag","embeddable":true,"href":"https:\/\/piedranegra.net\/index.php\/wp-json\/wp\/v2\/product_tag?post=3617"}],"curies":[{"name":"wp","href":"https:\/\/api.w.org\/{rel}","templated":true}]}}